{"id":15470,"date":"2023-02-06T13:50:37","date_gmt":"2023-02-06T13:50:37","guid":{"rendered":"https:\/\/spacewizard.pl\/about-us\/"},"modified":"2024-12-19T09:02:05","modified_gmt":"2024-12-19T09:02:05","slug":"about-us","status":"publish","type":"page","link":"https:\/\/spacewizard.pl\/en\/about-us\/","title":{"rendered":"About us"},"content":{"rendered":"\t\t<div data-elementor-type=\"wp-page\" data-elementor-id=\"15470\" class=\"elementor elementor-15470 elementor-49\" data-elementor-post-type=\"page\">\n\t\t\t\t\t\t<section class=\"elementor-section elementor-top-section elementor-element elementor-element-99e365b elementor-section-content-middle elementor-section-boxed elementor-section-height-default elementor-section-height-default\" data-id=\"99e365b\" data-element_type=\"section\" data-e-type=\"section\" data-settings=\"{&quot;background_background&quot;:&quot;classic&quot;}\">\n\t\t\t\t\t\t<div class=\"elementor-container elementor-column-gap-wide\">\n\t\t\t\t\t<div class=\"elementor-column elementor-col-100 elementor-top-column elementor-element elementor-element-7036df8\" data-id=\"7036df8\" data-element_type=\"column\" data-e-type=\"column\">\n\t\t\t<div class=\"elementor-widget-wrap elementor-element-populated\">\n\t\t\t\t\t\t<div class=\"elementor-element elementor-element-65b0711 elementor-widget elementor-widget-spacer\" data-id=\"65b0711\" data-element_type=\"widget\" data-e-type=\"widget\" data-widget_type=\"spacer.default\">\n\t\t\t\t<div class=\"elementor-widget-container\">\n\t\t\t\t\t\t\t<div class=\"elementor-spacer\">\n\t\t\t<div class=\"elementor-spacer-inner\"><\/div>\n\t\t<\/div>\n\t\t\t\t\t\t<\/div>\n\t\t\t\t<\/div>\n\t\t\t\t<div class=\"elementor-element elementor-element-ecc94f6 elementor-widget elementor-widget-heading\" data-id=\"ecc94f6\" data-element_type=\"widget\" data-e-type=\"widget\" data-widget_type=\"heading.default\">\n\t\t\t\t<div class=\"elementor-widget-container\">\n\t\t\t\t\t<h2 class=\"elementor-heading-title elementor-size-default\">the Workplace Makers<\/h2>\t\t\t\t<\/div>\n\t\t\t\t<\/div>\n\t\t\t\t<div class=\"elementor-element elementor-element-3c62198 elementor-widget__width-initial elementor-widget-mobile__width-initial elementor-widget elementor-widget-text-editor\" data-id=\"3c62198\" data-element_type=\"widget\" data-e-type=\"widget\" data-widget_type=\"text-editor.default\">\n\t\t\t\t<div class=\"elementor-widget-container\">\n\t\t\t\t\t\t\t\t\t<p>We are a team of professionals specializing in the visual design of office spaces. We know that a modern office is part of the brand identity, and its appearance and functionality directly affect the comfort and efficiency of work. <\/p>\n<p>Our services are the answer to creating <span style=\"color: var( --e-global-color-text ); letter-spacing: 0px; background-color: var( --e-global-color-14ef391 );\">welcoming and inspiring spaces<\/span><span style=\"color: var( --e-global-color-text ); letter-spacing: 0px; background-color: var( --e-global-color-14ef391 );\">. Umiej\u0119tnie \u0142\u0105cz\u0105c identyfikacj\u0119 wizualn\u0105 firmy   <\/span><span style=\"color: var( --e-global-color-text ); letter-spacing: 0px; background-color: var( --e-global-color-14ef391 );\">With interior design elements, we help create personalized and functional workplaces.  <\/span><span style=\"color: var( --e-global-color-text ); letter-spacing: 0px; background-color: var( --e-global-color-14ef391 );\">We advise. We create. We arrange. We are the Workplace Makers.   <\/span><\/p>\n\t\t\t\t\t\t\t\t<\/div>\n\t\t\t\t<\/div>\n\t\t\t\t<div class=\"elementor-element elementor-element-85a3555 elementor-widget elementor-widget-spacer\" data-id=\"85a3555\" data-element_type=\"widget\" data-e-type=\"widget\" data-widget_type=\"spacer.default\">\n\t\t\t\t<div class=\"elementor-widget-container\">\n\t\t\t\t\t\t\t<div class=\"elementor-spacer\">\n\t\t\t<div class=\"elementor-spacer-inner\"><\/div>\n\t\t<\/div>\n\t\t\t\t\t\t<\/div>\n\t\t\t\t<\/div>\n\t\t\t\t\t<\/div>\n\t\t<\/div>\n\t\t\t\t\t<\/div>\n\t\t<\/section>\n\t\t<div class=\"elementor-element elementor-element-b3de289 e-flex e-con-boxed e-con e-parent\" data-id=\"b3de289\" data-element_type=\"container\" data-e-type=\"container\">\n\t\t\t\t\t<div class=\"e-con-inner\">\n\t\t\t\t<div class=\"elementor-element elementor-element-843a50e elementor-invisible elementor-widget elementor-widget-premium-addon-person\" data-id=\"843a50e\" data-element_type=\"widget\" data-e-type=\"widget\" data-settings=\"{&quot;_animation&quot;:&quot;bounceInUp&quot;,&quot;persons_per_row_tablet&quot;:&quot;33.33%&quot;,&quot;persons_per_row&quot;:&quot;25%&quot;,&quot;persons_per_row_mobile&quot;:&quot;100%&quot;}\" data-widget_type=\"premium-addon-person.default\">\n\t\t\t\t<div class=\"elementor-widget-container\">\n\t\t\t\t\t\t\t<div class=\"premium-persons-container premium-person-style2 multiple-persons\" data-persons-equal=\"\">\r\n\t\t\t\t\t\t\t\t<div class=\"premium-person-container premium-person-grayscale-effect\">\r\n\t\t\t\t\t\t<div class=\"premium-person-image-container\">\r\n\t\t\t\t\t\t<img fetchpriority=\"high\" decoding=\"async\" width=\"2048\" height=\"2560\" src=\"https:\/\/spacewizard.pl\/wp-content\/uploads\/2023\/06\/PIOTR-1-scaled.jpg\" class=\"attachment-full size-full wp-image-7051\" alt=\"\" srcset=\"https:\/\/spacewizard.pl\/wp-content\/uploads\/2023\/06\/PIOTR-1-scaled.jpg 2048w, https:\/\/spacewizard.pl\/wp-content\/uploads\/2023\/06\/PIOTR-1-240x300.jpg 240w, https:\/\/spacewizard.pl\/wp-content\/uploads\/2023\/06\/PIOTR-1-819x1024.jpg 819w, https:\/\/spacewizard.pl\/wp-content\/uploads\/2023\/06\/PIOTR-1-768x960.jpg 768w, https:\/\/spacewizard.pl\/wp-content\/uploads\/2023\/06\/PIOTR-1-1229x1536.jpg 1229w, https:\/\/spacewizard.pl\/wp-content\/uploads\/2023\/06\/PIOTR-1-1638x2048.jpg 1638w\" sizes=\"(max-width: 2048px) 100vw, 2048px\" \/>\t\t\t\t\t\t\t\t\t\t\t\t\t<\/div>\r\n\t\t\t\t\t\t<div class=\"premium-person-info\">\r\n\t\t\t\t\t\t\t\t\t\t<div class=\"premium-person-info-container\">\r\n\t\t\t\t\t\t\t\t\t<h1 class=\"premium-person-name\">Peter  <\/h1>\r\n\t\t\t\t\t\t\t\t\t\t\t<h4 class=\"premium-person-title\">\r\n\t\t\t\t\t\t\t<span>CEO<\/span>\r\n\t\t\t\t\t\t<\/h4>\r\n\t\t\t\t\t\t\t\t<\/div>\r\n\t\t\t\t\t\t\t\t\t<\/div>\r\n\t\t\t\t\t<\/div>\r\n\t\t\t\t\t\t\t\t\t\t<div class=\"premium-person-container premium-person-grayscale-effect\">\r\n\t\t\t\t\t\t<div class=\"premium-person-image-container\">\r\n\t\t\t\t\t\t<img decoding=\"async\" width=\"2048\" height=\"2560\" src=\"https:\/\/spacewizard.pl\/wp-content\/uploads\/2023\/06\/ASIA-4-scaled.jpg\" class=\"attachment-full size-full wp-image-7171\" alt=\"\" srcset=\"https:\/\/spacewizard.pl\/wp-content\/uploads\/2023\/06\/ASIA-4-scaled.jpg 2048w, https:\/\/spacewizard.pl\/wp-content\/uploads\/2023\/06\/ASIA-4-240x300.jpg 240w, https:\/\/spacewizard.pl\/wp-content\/uploads\/2023\/06\/ASIA-4-819x1024.jpg 819w, https:\/\/spacewizard.pl\/wp-content\/uploads\/2023\/06\/ASIA-4-768x960.jpg 768w, https:\/\/spacewizard.pl\/wp-content\/uploads\/2023\/06\/ASIA-4-1229x1536.jpg 1229w, https:\/\/spacewizard.pl\/wp-content\/uploads\/2023\/06\/ASIA-4-1638x2048.jpg 1638w\" sizes=\"(max-width: 2048px) 100vw, 2048px\" \/>\t\t\t\t\t\t\t\t\t\t\t\t\t<\/div>\r\n\t\t\t\t\t\t<div class=\"premium-person-info\">\r\n\t\t\t\t\t\t\t\t\t\t<div class=\"premium-person-info-container\">\r\n\t\t\t\t\t\t\t\t\t<h1 class=\"premium-person-name\">Joanna  <\/h1>\r\n\t\t\t\t\t\t\t\t\t\t\t<h4 class=\"premium-person-title\">\r\n\t\t\t\t\t\t\t<span>COO<\/span>\r\n\t\t\t\t\t\t<\/h4>\r\n\t\t\t\t\t\t\t\t<\/div>\r\n\t\t\t\t\t\t\t\t\t<\/div>\r\n\t\t\t\t\t<\/div>\r\n\t\t\t\t\t\t\t\t\t\t<div class=\"premium-person-container premium-person-grayscale-effect\">\r\n\t\t\t\t\t\t<div class=\"premium-person-image-container\">\r\n\t\t\t\t\t\t<img decoding=\"async\" width=\"2048\" height=\"2560\" src=\"https:\/\/spacewizard.pl\/wp-content\/uploads\/2023\/07\/GOSIA_-scaled.jpg\" class=\"attachment-full size-full wp-image-7895\" alt=\"\" srcset=\"https:\/\/spacewizard.pl\/wp-content\/uploads\/2023\/07\/GOSIA_-scaled.jpg 2048w, https:\/\/spacewizard.pl\/wp-content\/uploads\/2023\/07\/GOSIA_-240x300.jpg 240w, https:\/\/spacewizard.pl\/wp-content\/uploads\/2023\/07\/GOSIA_-819x1024.jpg 819w, https:\/\/spacewizard.pl\/wp-content\/uploads\/2023\/07\/GOSIA_-768x960.jpg 768w, https:\/\/spacewizard.pl\/wp-content\/uploads\/2023\/07\/GOSIA_-1229x1536.jpg 1229w, https:\/\/spacewizard.pl\/wp-content\/uploads\/2023\/07\/GOSIA_-1638x2048.jpg 1638w\" sizes=\"(max-width: 2048px) 100vw, 2048px\" \/>\t\t\t\t\t\t\t\t\t\t\t\t\t<\/div>\r\n\t\t\t\t\t\t<div class=\"premium-person-info\">\r\n\t\t\t\t\t\t\t\t\t\t<div class=\"premium-person-info-container\">\r\n\t\t\t\t\t\t\t\t\t<h1 class=\"premium-person-name\">Gosia<\/h1>\r\n\t\t\t\t\t\t\t\t\t\t\t<h4 class=\"premium-person-title\">\r\n\t\t\t\t\t\t\t<span>Project Manager<\/span>\r\n\t\t\t\t\t\t<\/h4>\r\n\t\t\t\t\t\t\t\t<\/div>\r\n\t\t\t\t\t\t\t\t\t<\/div>\r\n\t\t\t\t\t<\/div>\r\n\t\t\t\t\t\t\t\t\t\t<div class=\"premium-person-container premium-person-grayscale-effect\">\r\n\t\t\t\t\t\t<div class=\"premium-person-image-container\">\r\n\t\t\t\t\t\t<img loading=\"lazy\" decoding=\"async\" width=\"2048\" height=\"2560\" src=\"https:\/\/spacewizard.pl\/wp-content\/uploads\/2023\/10\/KAROLINA-scaled.jpg\" class=\"attachment-full size-full wp-image-8480\" alt=\"\" srcset=\"https:\/\/spacewizard.pl\/wp-content\/uploads\/2023\/10\/KAROLINA-scaled.jpg 2048w, https:\/\/spacewizard.pl\/wp-content\/uploads\/2023\/10\/KAROLINA-240x300.jpg 240w, https:\/\/spacewizard.pl\/wp-content\/uploads\/2023\/10\/KAROLINA-819x1024.jpg 819w, https:\/\/spacewizard.pl\/wp-content\/uploads\/2023\/10\/KAROLINA-768x960.jpg 768w, https:\/\/spacewizard.pl\/wp-content\/uploads\/2023\/10\/KAROLINA-1229x1536.jpg 1229w, https:\/\/spacewizard.pl\/wp-content\/uploads\/2023\/10\/KAROLINA-1638x2048.jpg 1638w\" sizes=\"(max-width: 2048px) 100vw, 2048px\" \/>\t\t\t\t\t\t\t\t\t\t\t\t\t<\/div>\r\n\t\t\t\t\t\t<div class=\"premium-person-info\">\r\n\t\t\t\t\t\t\t\t\t\t<div class=\"premium-person-info-container\">\r\n\t\t\t\t\t\t\t\t\t<h1 class=\"premium-person-name\">Karolina<\/h1>\r\n\t\t\t\t\t\t\t\t\t\t\t<h4 class=\"premium-person-title\">\r\n\t\t\t\t\t\t\t<span>Project Manager<\/span>\r\n\t\t\t\t\t\t<\/h4>\r\n\t\t\t\t\t\t\t\t<\/div>\r\n\t\t\t\t\t\t\t\t\t<\/div>\r\n\t\t\t\t\t<\/div>\r\n\t\t\t\t\t\t\t\t\t\t<div class=\"premium-person-container premium-person-grayscale-effect\">\r\n\t\t\t\t\t\t<div class=\"premium-person-image-container\">\r\n\t\t\t\t\t\t<img loading=\"lazy\" decoding=\"async\" width=\"2048\" height=\"2560\" src=\"https:\/\/spacewizard.pl\/wp-content\/uploads\/2023\/06\/ALICJA-1-scaled.jpg\" class=\"attachment-full size-full wp-image-7053\" alt=\"\" srcset=\"https:\/\/spacewizard.pl\/wp-content\/uploads\/2023\/06\/ALICJA-1-scaled.jpg 2048w, https:\/\/spacewizard.pl\/wp-content\/uploads\/2023\/06\/ALICJA-1-240x300.jpg 240w, https:\/\/spacewizard.pl\/wp-content\/uploads\/2023\/06\/ALICJA-1-819x1024.jpg 819w, https:\/\/spacewizard.pl\/wp-content\/uploads\/2023\/06\/ALICJA-1-768x960.jpg 768w, https:\/\/spacewizard.pl\/wp-content\/uploads\/2023\/06\/ALICJA-1-1229x1536.jpg 1229w, https:\/\/spacewizard.pl\/wp-content\/uploads\/2023\/06\/ALICJA-1-1638x2048.jpg 1638w\" sizes=\"(max-width: 2048px) 100vw, 2048px\" \/>\t\t\t\t\t\t\t\t\t\t\t\t\t<\/div>\r\n\t\t\t\t\t\t<div class=\"premium-person-info\">\r\n\t\t\t\t\t\t\t\t\t\t<div class=\"premium-person-info-container\">\r\n\t\t\t\t\t\t\t\t\t<h1 class=\"premium-person-name\">Alicia<\/h1>\r\n\t\t\t\t\t\t\t\t\t\t\t<h4 class=\"premium-person-title\">\r\n\t\t\t\t\t\t\t<span>Graphic Designer<\/span>\r\n\t\t\t\t\t\t<\/h4>\r\n\t\t\t\t\t\t\t\t<\/div>\r\n\t\t\t\t\t\t\t\t\t<\/div>\r\n\t\t\t\t\t<\/div>\r\n\t\t\t\t\t\t\t\t\t\t<div class=\"premium-person-container premium-person-grayscale-effect\">\r\n\t\t\t\t\t\t<div class=\"premium-person-image-container\">\r\n\t\t\t\t\t\t<img loading=\"lazy\" decoding=\"async\" width=\"2048\" height=\"2560\" src=\"https:\/\/spacewizard.pl\/wp-content\/uploads\/2023\/12\/GRZESIEK-scaled.jpg\" class=\"attachment-full size-full wp-image-8855\" alt=\"\" srcset=\"https:\/\/spacewizard.pl\/wp-content\/uploads\/2023\/12\/GRZESIEK-scaled.jpg 2048w, https:\/\/spacewizard.pl\/wp-content\/uploads\/2023\/12\/GRZESIEK-240x300.jpg 240w, https:\/\/spacewizard.pl\/wp-content\/uploads\/2023\/12\/GRZESIEK-819x1024.jpg 819w, https:\/\/spacewizard.pl\/wp-content\/uploads\/2023\/12\/GRZESIEK-768x960.jpg 768w, https:\/\/spacewizard.pl\/wp-content\/uploads\/2023\/12\/GRZESIEK-1229x1536.jpg 1229w, https:\/\/spacewizard.pl\/wp-content\/uploads\/2023\/12\/GRZESIEK-1638x2048.jpg 1638w\" sizes=\"(max-width: 2048px) 100vw, 2048px\" \/>\t\t\t\t\t\t\t\t\t\t\t\t\t<\/div>\r\n\t\t\t\t\t\t<div class=\"premium-person-info\">\r\n\t\t\t\t\t\t\t\t\t\t<div class=\"premium-person-info-container\">\r\n\t\t\t\t\t\t\t\t\t<h1 class=\"premium-person-name\">Gregory<\/h1>\r\n\t\t\t\t\t\t\t\t\t\t\t<h4 class=\"premium-person-title\">\r\n\t\t\t\t\t\t\t<span>Graphic Designer<\/span>\r\n\t\t\t\t\t\t<\/h4>\r\n\t\t\t\t\t\t\t\t<\/div>\r\n\t\t\t\t\t\t\t\t\t<\/div>\r\n\t\t\t\t\t<\/div>\r\n\t\t\t\t\t\t\t<\/div>\r\n\t\t\t\t\t\t<\/div>\n\t\t\t\t<\/div>\n\t\t\t\t\t<\/div>\n\t\t\t\t<\/div>\n\t\t\t\t<section class=\"elementor-section elementor-top-section elementor-element elementor-element-ffd2945 elementor-section-boxed elementor-section-height-default elementor-section-height-default\" data-id=\"ffd2945\" data-element_type=\"section\" data-e-type=\"section\" data-settings=\"{&quot;background_background&quot;:&quot;classic&quot;}\">\n\t\t\t\t\t\t<div class=\"elementor-container elementor-column-gap-no\">\n\t\t\t\t\t<div class=\"elementor-column elementor-col-100 elementor-top-column elementor-element elementor-element-4f0987a\" data-id=\"4f0987a\" data-element_type=\"column\" data-e-type=\"column\">\n\t\t\t<div class=\"elementor-widget-wrap elementor-element-populated\">\n\t\t\t\t\t\t<div class=\"elementor-element elementor-element-d25072c elementor-widget elementor-widget-spacer\" data-id=\"d25072c\" data-element_type=\"widget\" data-e-type=\"widget\" data-widget_type=\"spacer.default\">\n\t\t\t\t<div class=\"elementor-widget-container\">\n\t\t\t\t\t\t\t<div class=\"elementor-spacer\">\n\t\t\t<div class=\"elementor-spacer-inner\"><\/div>\n\t\t<\/div>\n\t\t\t\t\t\t<\/div>\n\t\t\t\t<\/div>\n\t\t\t\t\t<\/div>\n\t\t<\/div>\n\t\t\t\t\t<\/div>\n\t\t<\/section>\n\t\t\t\t<section class=\"elementor-section elementor-top-section elementor-element elementor-element-efeafcc elementor-section-boxed elementor-section-height-default elementor-section-height-default\" data-id=\"efeafcc\" data-element_type=\"section\" data-e-type=\"section\" data-settings=\"{&quot;background_background&quot;:&quot;classic&quot;}\">\n\t\t\t\t\t\t<div class=\"elementor-container elementor-column-gap-no\">\n\t\t\t\t\t<div class=\"elementor-column elementor-col-100 elementor-top-column elementor-element elementor-element-e36fb5f\" data-id=\"e36fb5f\" data-element_type=\"column\" data-e-type=\"column\">\n\t\t\t<div class=\"elementor-widget-wrap elementor-element-populated\">\n\t\t\t\t\t\t<div class=\"elementor-element elementor-element-3267fc7 elementor-widget elementor-widget-spacer\" data-id=\"3267fc7\" data-element_type=\"widget\" data-e-type=\"widget\" data-widget_type=\"spacer.default\">\n\t\t\t\t<div class=\"elementor-widget-container\">\n\t\t\t\t\t\t\t<div class=\"elementor-spacer\">\n\t\t\t<div class=\"elementor-spacer-inner\"><\/div>\n\t\t<\/div>\n\t\t\t\t\t\t<\/div>\n\t\t\t\t<\/div>\n\t\t\t\t<div class=\"elementor-element elementor-element-b5c498b elementor-widget elementor-widget-spacer\" data-id=\"b5c498b\" data-element_type=\"widget\" data-e-type=\"widget\" data-widget_type=\"spacer.default\">\n\t\t\t\t<div class=\"elementor-widget-container\">\n\t\t\t\t\t\t\t<div class=\"elementor-spacer\">\n\t\t\t<div class=\"elementor-spacer-inner\"><\/div>\n\t\t<\/div>\n\t\t\t\t\t\t<\/div>\n\t\t\t\t<\/div>\n\t\t\t\t<div class=\"elementor-element elementor-element-a49e5ee elementor-widget__width-initial elementor-widget-tablet__width-initial elementor-widget elementor-widget-text-editor\" data-id=\"a49e5ee\" data-element_type=\"widget\" data-e-type=\"widget\" data-widget_type=\"text-editor.default\">\n\t\t\t\t<div class=\"elementor-widget-container\">\n\t\t\t\t\t\t\t\t\t<p>We provide services that are the &#8220;dot over&nbsp;i&#8221; of any architectural project &#8211; we offer visual, spatial and&nbsp;acoustic solutions that give office and commercial interiors a human dimension. We focus on&nbsp;comprehensive space design tailored to&nbsp;the nature of the company and its employees. &nbsp;<\/p>\n\t\t\t\t\t\t\t\t<\/div>\n\t\t\t\t<\/div>\n\t\t\t\t\t<\/div>\n\t\t<\/div>\n\t\t\t\t\t<\/div>\n\t\t<\/section>\n\t\t\t\t<section class=\"elementor-section elementor-top-section elementor-element elementor-element-13f2402 elementor-section-boxed elementor-section-height-default elementor-section-height-default\" data-id=\"13f2402\" data-element_type=\"section\" data-e-type=\"section\" data-settings=\"{&quot;background_background&quot;:&quot;classic&quot;}\">\n\t\t\t\t\t\t<div class=\"elementor-container elementor-column-gap-no\">\n\t\t\t\t\t<div class=\"elementor-column elementor-col-100 elementor-top-column elementor-element elementor-element-b30dccb\" data-id=\"b30dccb\" data-element_type=\"column\" data-e-type=\"column\">\n\t\t\t<div class=\"elementor-widget-wrap elementor-element-populated\">\n\t\t\t\t\t\t<div class=\"elementor-element elementor-element-bb0c563 elementor-widget elementor-widget-spacer\" data-id=\"bb0c563\" data-element_type=\"widget\" data-e-type=\"widget\" data-widget_type=\"spacer.default\">\n\t\t\t\t<div class=\"elementor-widget-container\">\n\t\t\t\t\t\t\t<div class=\"elementor-spacer\">\n\t\t\t<div class=\"elementor-spacer-inner\"><\/div>\n\t\t<\/div>\n\t\t\t\t\t\t<\/div>\n\t\t\t\t<\/div>\n\t\t\t\t\t<\/div>\n\t\t<\/div>\n\t\t\t\t\t<\/div>\n\t\t<\/section>\n\t\t\t\t<section class=\"elementor-section elementor-top-section elementor-element elementor-element-3e5e055 elementor-section-boxed elementor-section-height-default elementor-section-height-default\" data-id=\"3e5e055\" data-element_type=\"section\" data-e-type=\"section\" data-settings=\"{&quot;background_background&quot;:&quot;classic&quot;}\">\n\t\t\t\t\t\t<div class=\"elementor-container elementor-column-gap-no\">\n\t\t\t\t\t<div class=\"elementor-column elementor-col-100 elementor-top-column elementor-element elementor-element-00fc1cd\" data-id=\"00fc1cd\" data-element_type=\"column\" data-e-type=\"column\">\n\t\t\t<div class=\"elementor-widget-wrap elementor-element-populated\">\n\t\t\t\t\t\t<div class=\"elementor-element elementor-element-609a0fe elementor-widget elementor-widget-spacer\" data-id=\"609a0fe\" data-element_type=\"widget\" data-e-type=\"widget\" data-widget_type=\"spacer.default\">\n\t\t\t\t<div class=\"elementor-widget-container\">\n\t\t\t\t\t\t\t<div class=\"elementor-spacer\">\n\t\t\t<div class=\"elementor-spacer-inner\"><\/div>\n\t\t<\/div>\n\t\t\t\t\t\t<\/div>\n\t\t\t\t<\/div>\n\t\t\t\t\t<\/div>\n\t\t<\/div>\n\t\t\t\t\t<\/div>\n\t\t<\/section>\n\t\t\t\t<\/div>\n\t\t","protected":false},"excerpt":{"rendered":"<p>the Workplace Makers We are a team of professionals specializing in the visual design of office spaces. We know that a modern office is part of the brand identity, and its appearance and functionality directly affect the comfort and efficiency of work. Our services are the answer to creating welcoming and inspiring spaces. Umiej\u0119tnie \u0142\u0105cz\u0105c [&hellip;]<\/p>\n","protected":false},"author":1042,"featured_media":0,"parent":0,"menu_order":0,"comment_status":"closed","ping_status":"closed","template":"elementor_header_footer","meta":{"footnotes":""},"class_list":["post-15470","page","type-page","status-publish","hentry"],"_links":{"self":[{"href":"https:\/\/spacewizard.pl\/en\/wp-json\/wp\/v2\/pages\/15470","targetHints":{"allow":["GET"]}}],"collection":[{"href":"https:\/\/spacewizard.pl\/en\/wp-json\/wp\/v2\/pages"}],"about":[{"href":"https:\/\/spacewizard.pl\/en\/wp-json\/wp\/v2\/types\/page"}],"author":[{"embeddable":true,"href":"https:\/\/spacewizard.pl\/en\/wp-json\/wp\/v2\/users\/1042"}],"replies":[{"embeddable":true,"href":"https:\/\/spacewizard.pl\/en\/wp-json\/wp\/v2\/comments?post=15470"}],"version-history":[{"count":1,"href":"https:\/\/spacewizard.pl\/en\/wp-json\/wp\/v2\/pages\/15470\/revisions"}],"predecessor-version":[{"id":15474,"href":"https:\/\/spacewizard.pl\/en\/wp-json\/wp\/v2\/pages\/15470\/revisions\/15474"}],"wp:attachment":[{"href":"https:\/\/spacewizard.pl\/en\/wp-json\/wp\/v2\/media?parent=15470"}],"curies":[{"name":"wp","href":"https:\/\/api.w.org\/{rel}","templated":true}]}}